{"id":2432,"date":"2023-04-18T18:05:15","date_gmt":"2023-04-18T16:05:15","guid":{"rendered":"https:\/\/www.lacledusud.be\/?page_id=2432"},"modified":"2023-04-21T09:44:53","modified_gmt":"2023-04-21T07:44:53","slug":"brielpagina","status":"publish","type":"page","link":"https:\/\/www.lacledusud.be\/hu\/brielpagina\/","title":{"rendered":"brielpage"},"content":{"rendered":"<div data-elementor-type=\"wp-page\" data-elementor-id=\"2432\" class=\"elementor elementor-2432\">\n\t\t\t\t\t\t<section class=\"elementor-section elementor-top-section elementor-element elementor-element-702f3c2 elementor-section-boxed elementor-section-height-default elementor-section-height-default\" data-id=\"702f3c2\" data-element_type=\"section\" data-settings=\"{&quot;jet_parallax_layout_list&quot;:[],&quot;background_background&quot;:&quot;classic&quot;}\">\n\t\t\t\t\t\t<div class=\"elementor-container elementor-column-gap-no\">\n\t\t\t\t\t<div class=\"elementor-column elementor-col-100 elementor-top-column elementor-element elementor-element-3227d8e\" data-id=\"3227d8e\" data-element_type=\"column\">\n\t\t\t<div class=\"elementor-widget-wrap elementor-element-populated\">\n\t\t\t\t\t\t<div class=\"elementor-element elementor-element-45ed445 elementor-widget elementor-widget-heading\" data-id=\"45ed445\" data-element_type=\"widget\" data-widget_type=\"heading.default\">\n\t\t\t\t<div class=\"elementor-widget-container\">\n\t\t\t\t\t<h1 class=\"elementor-heading-title elementor-size-default\">Nyaral\u00f3\n<\/h1>\t\t\t\t<\/div>\n\t\t\t\t<\/div>\n\t\t\t\t\t<\/div>\n\t\t<\/div>\n\t\t\t\t\t<\/div>\n\t\t<\/section>\n\t\t\t\t<section class=\"elementor-section elementor-top-section elementor-element elementor-element-635dab6 elementor-section-boxed elementor-section-height-default elementor-section-height-default\" data-id=\"635dab6\" data-element_type=\"section\" data-settings=\"{&quot;jet_parallax_layout_list&quot;:[],&quot;background_background&quot;:&quot;classic&quot;}\">\n\t\t\t\t\t\t<div class=\"elementor-container elementor-column-gap-no\">\n\t\t\t\t\t<div class=\"elementor-column elementor-col-50 elementor-top-column elementor-element elementor-element-8fd4ce1\" data-id=\"8fd4ce1\" data-element_type=\"column\">\n\t\t\t<div class=\"elementor-widget-wrap elementor-element-populated\">\n\t\t\t\t\t\t<div class=\"elementor-element elementor-element-50905144 hvr_anim elementor-widget elementor-widget-image\" data-id=\"50905144\" data-element_type=\"widget\" data-widget_type=\"image.default\">\n\t\t\t\t<div class=\"elementor-widget-container\">\n\t\t\t\t\t\t\t\t\t\t\t\t\t\t\t\t<a href=\"https:\/\/reservations.cubilis.eu\/b-and-b-la-cle-du-sud-merelbeke?Language=nl-NL\" target=\"_blank\">\n\t\t\t\t\t\t\t<img fetchpriority=\"high\" decoding=\"async\" width=\"1887\" height=\"871\" src=\"https:\/\/www.lacledusud.be\/wp-content\/uploads\/2023\/04\/Screenshot-779.jpg\" class=\"attachment-full size-full wp-image-2413\" alt=\"\" srcset=\"https:\/\/www.lacledusud.be\/wp-content\/uploads\/2023\/04\/Screenshot-779.jpg 1887w, https:\/\/www.lacledusud.be\/wp-content\/uploads\/2023\/04\/Screenshot-779-300x138.jpg 300w, https:\/\/www.lacledusud.be\/wp-content\/uploads\/2023\/04\/Screenshot-779-1024x473.jpg 1024w, https:\/\/www.lacledusud.be\/wp-content\/uploads\/2023\/04\/Screenshot-779-768x354.jpg 768w, https:\/\/www.lacledusud.be\/wp-content\/uploads\/2023\/04\/Screenshot-779-1536x709.jpg 1536w, https:\/\/www.lacledusud.be\/wp-content\/uploads\/2023\/04\/Screenshot-779-18x8.jpg 18w, https:\/\/www.lacledusud.be\/wp-content\/uploads\/2023\/04\/Screenshot-779-600x277.jpg 600w\" sizes=\"(max-width: 1887px) 100vw, 1887px\" \/>\t\t\t\t\t\t\t\t<\/a>\n\t\t\t\t\t\t\t\t\t\t\t\t\t\t\t<\/div>\n\t\t\t\t<\/div>\n\t\t\t\t\t<\/div>\n\t\t<\/div>\n\t\t\t\t<div class=\"elementor-column elementor-col-50 elementor-top-column elementor-element elementor-element-ffd9595\" data-id=\"ffd9595\" data-element_type=\"column\">\n\t\t\t<div class=\"elementor-widget-wrap elementor-element-populated\">\n\t\t\t\t\t\t<div class=\"elementor-element elementor-element-3f677627 elementor-widget elementor-widget-jet-button\" data-id=\"3f677627\" data-element_type=\"widget\" data-widget_type=\"jet-button.default\">\n\t\t\t\t<div class=\"elementor-widget-container\">\n\t\t\t\t\t<div class=\"elementor-jet-button jet-elements\"><div class=\"jet-button__container\">\n\t<a class=\"jet-button__instance jet-button__instance--icon-left hover-effect-1\" href=\"https:\/\/reservations.cubilis.eu\/b-and-b-la-cle-du-sud-merelbeke?Language=nl-NL\" target=\"_blank\">\n\t\t<div class=\"jet-button__plane jet-button__plane-normal\"><\/div>\n\t\t<div class=\"jet-button__plane jet-button__plane-hover\"><\/div>\n\t\t<div class=\"jet-button__state jet-button__state-normal\">\n\t\t\t<span class=\"jet-button__label\">NYARAL\u00c1SI OTTHON<\/span>\t\t<\/div>\n\t\t<div class=\"jet-button__state jet-button__state-hover\">\n\t\t\t<span class=\"jet-button__label\">Nyaral\u00f3<\/span>\t\t<\/div>\n\t<\/a>\n<\/div>\n<\/div>\t\t\t\t<\/div>\n\t\t\t\t<\/div>\n\t\t\t\t<div class=\"elementor-element elementor-element-6b6005dd elementor-widget elementor-widget-jet-pricing-table\" data-id=\"6b6005dd\" data-element_type=\"widget\" data-widget_type=\"jet-pricing-table.default\">\n\t\t\t\t<div class=\"elementor-widget-container\">\n\t\t\t\t\t<div class=\"elementor-jet-pricing-table jet-elements\"><div class=\"pricing-table\">\n\t<div class=\"pricing-table__heading\">\n\t\t\t<\/div>\t<div class=\"pricing-table__price\"><span class=\"pricing-table__price-prefix\">a  c\u00edmr\u0151l<\/span><span class=\"pricing-table__price-val\">378\u20ac<\/span><span class=\"pricing-table__price-suffix\">\/3 \u00e9jszaka<\/span><\/div>\t<div class=\"pricing-table__features\">\n\t<div class=\"pricing-table__fold-mask pricing-table-unfold-state\"><div class=\"pricing-feature pricing-feature-726792a item-included\">\n\t<div class=\"pricing-feature__inner\"><span class=\"pricing-feature__text\">K\u00fcl\u00f6n\u00e1ll\u00f3 h\u00e1z k\u00f6zponti helyen, a kertben, a f\u0151\u00e9p\u00fclett\u0151l teljesen elk\u00fcl\u00f6n\u00edtve.<\/span><\/div>\n<\/div><div class=\"pricing-feature pricing-feature-edeb387 item-included\">\n\t<div class=\"pricing-feature__inner\"><span class=\"pricing-feature__text\">Ennek a teremnek a hangulata eg\u00e9szen a d\u00e9l-franciaorsz\u00e1gi, azonos nev\u0171 falu okkers\u00e1rga bar\u00e1zd\u00e1iba rep\u00edt!<\/span><\/div>\n<\/div>\t<\/div>\n\t<\/div>\t<div class=\"pricing-table__action\">\n\t\t<a class=\"elementor-button elementor-size-md pricing-table-button button-auto-size\" href=\"https:\/\/reservations.cubilis.eu\/b-and-b-la-cle-du-sud-merelbeke?Language=nl-NL\" target=\"_blank\">FOGLALJON MOST<\/a>\n\t<\/div>\t<\/div>\n<\/div>\t\t\t\t<\/div>\n\t\t\t\t<\/div>\n\t\t\t\t\t<\/div>\n\t\t<\/div>\n\t\t\t\t\t<\/div>\n\t\t<\/section>\n\t\t\t\t<section class=\"elementor-section elementor-top-section elementor-element elementor-element-bbef09a elementor-section-boxed elementor-section-height-default elementor-section-height-default\" data-id=\"bbef09a\" data-element_type=\"section\" data-settings=\"{&quot;jet_parallax_layout_list&quot;:[]}\">\n\t\t\t\t\t\t<div class=\"elementor-container elementor-column-gap-default\">\n\t\t\t\t\t<div class=\"elementor-column elementor-col-50 elementor-top-column elementor-element elementor-element-9b525ed\" data-id=\"9b525ed\" data-element_type=\"column\">\n\t\t\t<div class=\"elementor-widget-wrap elementor-element-populated\">\n\t\t\t\t\t\t<div class=\"elementor-element elementor-element-81d9bfe hvr_anim elementor-widget elementor-widget-image\" data-id=\"81d9bfe\" data-element_type=\"widget\" data-widget_type=\"image.default\">\n\t\t\t\t<div class=\"elementor-widget-container\">\n\t\t\t\t\t\t\t\t\t\t\t\t\t\t\t\t<a href=\"https:\/\/reservations.cubilis.eu\/b-and-b-la-cle-du-sud-merelbeke?Language=nl-NL\" target=\"_blank\">\n\t\t\t\t\t\t\t<img decoding=\"async\" width=\"484\" height=\"486\" src=\"https:\/\/www.lacledusud.be\/wp-content\/uploads\/2023\/04\/Screenshot-781.jpg\" class=\"attachment-full size-full wp-image-2298\" alt=\"\" srcset=\"https:\/\/www.lacledusud.be\/wp-content\/uploads\/2023\/04\/Screenshot-781.jpg 484w, https:\/\/www.lacledusud.be\/wp-content\/uploads\/2023\/04\/Screenshot-781-300x300.jpg 300w, https:\/\/www.lacledusud.be\/wp-content\/uploads\/2023\/04\/Screenshot-781-150x150.jpg 150w, https:\/\/www.lacledusud.be\/wp-content\/uploads\/2023\/04\/Screenshot-781-12x12.jpg 12w, https:\/\/www.lacledusud.be\/wp-content\/uploads\/2023\/04\/Screenshot-781-230x230.jpg 230w\" sizes=\"(max-width: 484px) 100vw, 484px\" \/>\t\t\t\t\t\t\t\t<\/a>\n\t\t\t\t\t\t\t\t\t\t\t\t\t\t\t<\/div>\n\t\t\t\t<\/div>\n\t\t\t\t\t<\/div>\n\t\t<\/div>\n\t\t\t\t<div class=\"elementor-column elementor-col-50 elementor-top-column elementor-element elementor-element-551c0ca\" data-id=\"551c0ca\" data-element_type=\"column\">\n\t\t\t<div class=\"elementor-widget-wrap elementor-element-populated\">\n\t\t\t\t\t\t<div class=\"elementor-element elementor-element-58b8fd4 elementor-widget elementor-widget-text-editor\" data-id=\"58b8fd4\" data-element_type=\"widget\" data-widget_type=\"text-editor.default\">\n\t\t\t\t<div class=\"elementor-widget-container\">\n\t\t\t\t\t\t\t\t\t<p>H\u00e1z maximum 4 f\u0151 r\u00e9sz\u00e9re, amely 2 h\u00e1l\u00f3szob\u00e1b\u00f3l, konyh\u00e1b\u00f3l, f\u00fcrd\u0151szob\u00e1b\u00f3l, zuhanyz\u00f3val, WC-vel \u00e9s mosd\u00f3kagyl\u00f3val felszerelt. Saj\u00e1t priv\u00e1t terasszal \u00e9s kerti b\u00fatorokkal. K\u00fcl\u00f6n ker\u00e9kp\u00e1rt\u00e1rol\u00f3.<\/p><p>Az ingatlan l\u00e9gkondicion\u00e1l\u00f3val, h\u0171t\u0151szekr\u00e9nnyel, hajsz\u00e1r\u00edt\u00f3val, TV-DVD-vel, r\u00e1di\u00f3s \u00f3r\u00e1val, I-Pod\/I-Phone dokkol\u00f3val, sz\u00e9ffel \u00e9s ingyenes Wi-Fi-vel rendelkezik.<\/p><p>h\u00e1zi\u00e1llat nem megengedett - gyermekek sz\u00e1m\u00e1ra nem alkalmas<\/p><p>Tartalmazza: f\u0171t\u00e9s, \u00e1gynem\u0171, f\u00fcrd\u0151leped\u0151k, piperecikkek 1. \u00e9jszaka, konyhai t\u00f6r\u00fclk\u00f6z\u0151k<\/p><p>Nem tartalmazza: villany (sz\u00e1ml\u00e1z\u00e1sa a m\u00e9r\u0151\u00f3r\u00e1k leolvas\u00e1sa alapj\u00e1n \u00e9rkez\u00e9skor \u00e9s t\u00e1voz\u00e1skor), kauci\u00f3 (200 \u20ac), z\u00e1r\u00f3 takar\u00edt\u00e1s (30 \u20ac), reggeli (k\u00e9r\u00e9sre 12 \u20ac\/f\u0151\/reggeli)<\/p><p>Az energia- \u00e9s takar\u00edt\u00e1si k\u00f6lts\u00e9geket levonj\u00e1k az el\u0151re fizetett kauci\u00f3b\u00f3l.<\/p>\t\t\t\t\t\t\t\t<\/div>\n\t\t\t\t<\/div>\n\t\t\t\t\t<\/div>\n\t\t<\/div>\n\t\t\t\t\t<\/div>\n\t\t<\/section>\n\t\t\t\t<section class=\"elementor-section elementor-top-section elementor-element elementor-element-a54169c elementor-section-boxed elementor-section-height-default elementor-section-height-default\" data-id=\"a54169c\" data-element_type=\"section\" data-settings=\"{&quot;jet_parallax_layout_list&quot;:[]}\">\n\t\t\t\t\t\t<div class=\"elementor-container elementor-column-gap-default\">\n\t\t\t\t\t<div class=\"elementor-column elementor-col-100 elementor-top-column elementor-element elementor-element-1d8bebb\" data-id=\"1d8bebb\" data-element_type=\"column\">\n\t\t\t<div class=\"elementor-widget-wrap elementor-element-populated\">\n\t\t\t\t\t\t<div class=\"elementor-element elementor-element-06e688e elementor-widget elementor-widget-text-editor\" data-id=\"06e688e\" data-element_type=\"widget\" data-widget_type=\"text-editor.default\">\n\t\t\t\t<div class=\"elementor-widget-container\">\n\t\t\t\t\t\t\t\t\t<div id=\"envira-gallery-wrap-2294\" class=\"envira-gallery-wrap envira-gallery-theme-base envira-lightbox-theme-base\" itemscope itemtype=\"https:\/\/schema.org\/ImageGallery\"><div data-row-height=\"200\" data-gallery-theme=\"normal\" id=\"envira-gallery-2294\" class=\"envira-gallery-public envira-gallery-justified-public envira-gallery-0-columns envira-clear enviratope envira-gallery-css-animations\" data-envira-columns=\"0\"><div id=\"envira-gallery-item-1890\" class=\"envira-gallery-item enviratope-item envira-gallery-item-1 envira-lazy-load\" style=\"padding-left: 5px; padding-bottom: 10px; padding-right: 5px;\"  itemscope itemtype=\"https:\/\/schema.org\/ImageObject\"><div class=\"envira-gallery-item-inner\"><div class=\"envira-gallery-position-overlay  envira-gallery-top-left\"><\/div><div class=\"envira-gallery-position-overlay  envira-gallery-top-right\"><\/div><div class=\"envira-gallery-position-overlay  envira-gallery-bottom-left\"><\/div><div class=\"envira-gallery-position-overlay  envira-gallery-bottom-right\"><\/div><a href=\"https:\/\/www.lacledusud.be\/wp-content\/uploads\/2023\/04\/rousbig1.jpg\" class=\"envira-gallery-2294 envira-gallery-link\" rel=\"enviragallery2294\" title=\"rousbig1\" data-envira-caption=\"rousbig1\" data-envira-retina=\"\" data-thumbnail=\"\"  itemprop=\"contentUrl\"><img decoding=\"async\" id=\"envira-gallery-image-1890\" class=\"envira-gallery-image envira-gallery-image-1 envira-normal envira-lazy\" data-envira-index=\"1\" src=\"https:\/\/www.lacledusud.be\/wp-content\/uploads\/2023\/04\/rousbig1.jpg\" data-envira-src=\"https:\/\/www.lacledusud.be\/wp-content\/uploads\/2023\/04\/rousbig1.jpg\" data-envira-gallery-id=\"2294\" data-envira-item-id=\"1890\" data-envira-caption=\"rousbig1\" alt=\"\" title=\"rousbig1\"  itemprop=\"thumbnailUrl\" data-envira-srcset=\"https:\/\/www.lacledusud.be\/wp-content\/uploads\/2023\/04\/rousbig1.jpg 400w,https:\/\/www.lacledusud.be\/wp-content\/uploads\/2023\/04\/rousbig1.jpg 2x\" data-envira-width=\"300\" data-envira-height=\"200\" srcset=\"data:image\/gif;base64,R0lGODlhAQABAIAAAP\/\/\/\/\/\/\/yH5BAEKAAEALAAAAAABAAEAAAICTAEAOw==\" data-safe-src=\"data:image\/gif;base64,R0lGODlhAQABAIAAAP\/\/\/\/\/\/\/yH5BAEKAAEALAAAAAABAAEAAAICTAEAOw==\" \/><\/a><\/div><\/div><div id=\"envira-gallery-item-2412\" class=\"envira-gallery-item enviratope-item envira-gallery-item-2 envira-lazy-load\" style=\"padding-left: 5px; padding-bottom: 10px; padding-right: 5px;\"  itemscope itemtype=\"https:\/\/schema.org\/ImageObject\"><div class=\"envira-gallery-item-inner\"><div class=\"envira-gallery-position-overlay  envira-gallery-top-left\"><\/div><div class=\"envira-gallery-position-overlay  envira-gallery-top-right\"><\/div><div class=\"envira-gallery-position-overlay  envira-gallery-bottom-left\"><\/div><div class=\"envira-gallery-position-overlay  envira-gallery-bottom-right\"><\/div><a href=\"https:\/\/www.lacledusud.be\/wp-content\/uploads\/2023\/04\/Screenshot-778.jpg\" class=\"envira-gallery-2294 envira-gallery-link\" rel=\"enviragallery2294\" title=\"Pillanatk\u00e9p 778\" data-envira-caption=\"Screenshot 778\" data-envira-retina=\"\" data-thumbnail=\"\"  itemprop=\"contentUrl\"><img decoding=\"async\" id=\"envira-gallery-image-2412\" class=\"envira-gallery-image envira-gallery-image-2 envira-normal envira-lazy\" data-envira-index=\"2\" src=\"https:\/\/www.lacledusud.be\/wp-content\/uploads\/2023\/04\/Screenshot-778-1024x471.jpg\" data-envira-src=\"https:\/\/www.lacledusud.be\/wp-content\/uploads\/2023\/04\/Screenshot-778-1024x471.jpg\" data-envira-gallery-id=\"2294\" data-envira-item-id=\"2412\" data-envira-caption=\"Screenshot 778\" alt=\"\" title=\"Pillanatk\u00e9p 778\"  itemprop=\"thumbnailUrl\" data-envira-srcset=\"https:\/\/www.lacledusud.be\/wp-content\/uploads\/2023\/04\/Screenshot-778-1024x471.jpg 400w,https:\/\/www.lacledusud.be\/wp-content\/uploads\/2023\/04\/Screenshot-778-1024x471.jpg 2x\" data-envira-width=\"300\" data-envira-height=\"138\" srcset=\"data:image\/gif;base64,R0lGODlhAQABAIAAAP\/\/\/\/\/\/\/yH5BAEKAAEALAAAAAABAAEAAAICTAEAOw==\" data-safe-src=\"data:image\/gif;base64,R0lGODlhAQABAIAAAP\/\/\/\/\/\/\/yH5BAEKAAEALAAAAAABAAEAAAICTAEAOw==\" \/><\/a><\/div><\/div><div id=\"envira-gallery-item-1894\" class=\"envira-gallery-item enviratope-item envira-gallery-item-3 envira-lazy-load\" style=\"padding-left: 5px; padding-bottom: 10px; padding-right: 5px;\"  itemscope itemtype=\"https:\/\/schema.org\/ImageObject\"><div class=\"envira-gallery-item-inner\"><div class=\"envira-gallery-position-overlay  envira-gallery-top-left\"><\/div><div class=\"envira-gallery-position-overlay  envira-gallery-top-right\"><\/div><div class=\"envira-gallery-position-overlay  envira-gallery-bottom-left\"><\/div><div class=\"envira-gallery-position-overlay  envira-gallery-bottom-right\"><\/div><a href=\"https:\/\/www.lacledusud.be\/wp-content\/uploads\/2023\/04\/rousbig5.jpg\" class=\"envira-gallery-2294 envira-gallery-link\" rel=\"enviragallery2294\" title=\"rousbig5\" data-envira-caption=\"rousbig5\" data-envira-retina=\"\" data-thumbnail=\"\"  itemprop=\"contentUrl\"><img decoding=\"async\" id=\"envira-gallery-image-1894\" class=\"envira-gallery-image envira-gallery-image-3 envira-normal envira-lazy\" data-envira-index=\"3\" src=\"https:\/\/www.lacledusud.be\/wp-content\/uploads\/2023\/04\/rousbig5.jpg\" data-envira-src=\"https:\/\/www.lacledusud.be\/wp-content\/uploads\/2023\/04\/rousbig5.jpg\" data-envira-gallery-id=\"2294\" data-envira-item-id=\"1894\" data-envira-caption=\"rousbig5\" alt=\"\" title=\"rousbig5\"  itemprop=\"thumbnailUrl\" data-envira-srcset=\"https:\/\/www.lacledusud.be\/wp-content\/uploads\/2023\/04\/rousbig5.jpg 400w,https:\/\/www.lacledusud.be\/wp-content\/uploads\/2023\/04\/rousbig5.jpg 2x\" data-envira-width=\"300\" data-envira-height=\"200\" srcset=\"data:image\/gif;base64,R0lGODlhAQABAIAAAP\/\/\/\/\/\/\/yH5BAEKAAEALAAAAAABAAEAAAICTAEAOw==\" data-safe-src=\"data:image\/gif;base64,R0lGODlhAQABAIAAAP\/\/\/\/\/\/\/yH5BAEKAAEALAAAAAABAAEAAAICTAEAOw==\" \/><\/a><\/div><\/div><div id=\"envira-gallery-item-1893\" class=\"envira-gallery-item enviratope-item envira-gallery-item-4 envira-lazy-load\" style=\"padding-left: 5px; padding-bottom: 10px; padding-right: 5px;\"  itemscope itemtype=\"https:\/\/schema.org\/ImageObject\"><div class=\"envira-gallery-item-inner\"><div class=\"envira-gallery-position-overlay  envira-gallery-top-left\"><\/div><div class=\"envira-gallery-position-overlay  envira-gallery-top-right\"><\/div><div class=\"envira-gallery-position-overlay  envira-gallery-bottom-left\"><\/div><div class=\"envira-gallery-position-overlay  envira-gallery-bottom-right\"><\/div><a href=\"https:\/\/www.lacledusud.be\/wp-content\/uploads\/2023\/04\/rousbig4.jpg\" class=\"envira-gallery-2294 envira-gallery-link\" rel=\"enviragallery2294\" title=\"rousbig4\" data-envira-caption=\"rousbig4\" data-envira-retina=\"\" data-thumbnail=\"\"  itemprop=\"contentUrl\"><img decoding=\"async\" id=\"envira-gallery-image-1893\" class=\"envira-gallery-image envira-gallery-image-4 envira-normal envira-lazy\" data-envira-index=\"4\" src=\"https:\/\/www.lacledusud.be\/wp-content\/uploads\/2023\/04\/rousbig4.jpg\" data-envira-src=\"https:\/\/www.lacledusud.be\/wp-content\/uploads\/2023\/04\/rousbig4.jpg\" data-envira-gallery-id=\"2294\" data-envira-item-id=\"1893\" data-envira-caption=\"rousbig4\" alt=\"\" title=\"rousbig4\"  itemprop=\"thumbnailUrl\" data-envira-srcset=\"https:\/\/www.lacledusud.be\/wp-content\/uploads\/2023\/04\/rousbig4.jpg 400w,https:\/\/www.lacledusud.be\/wp-content\/uploads\/2023\/04\/rousbig4.jpg 2x\" data-envira-width=\"300\" data-envira-height=\"200\" srcset=\"data:image\/gif;base64,R0lGODlhAQABAIAAAP\/\/\/\/\/\/\/yH5BAEKAAEALAAAAAABAAEAAAICTAEAOw==\" data-safe-src=\"data:image\/gif;base64,R0lGODlhAQABAIAAAP\/\/\/\/\/\/\/yH5BAEKAAEALAAAAAABAAEAAAICTAEAOw==\" \/><\/a><\/div><\/div><div id=\"envira-gallery-item-1891\" class=\"envira-gallery-item enviratope-item envira-gallery-item-5 envira-lazy-load\" style=\"padding-left: 5px; padding-bottom: 10px; padding-right: 5px;\"  itemscope itemtype=\"https:\/\/schema.org\/ImageObject\"><div class=\"envira-gallery-item-inner\"><div class=\"envira-gallery-position-overlay  envira-gallery-top-left\"><\/div><div class=\"envira-gallery-position-overlay  envira-gallery-top-right\"><\/div><div class=\"envira-gallery-position-overlay  envira-gallery-bottom-left\"><\/div><div class=\"envira-gallery-position-overlay  envira-gallery-bottom-right\"><\/div><a href=\"https:\/\/www.lacledusud.be\/wp-content\/uploads\/2023\/04\/rousbig2.jpg\" class=\"envira-gallery-2294 envira-gallery-link\" rel=\"enviragallery2294\" title=\"rousbig2\" data-envira-caption=\"rousbig2\" data-envira-retina=\"\" data-thumbnail=\"\"  itemprop=\"contentUrl\"><img decoding=\"async\" id=\"envira-gallery-image-1891\" class=\"envira-gallery-image envira-gallery-image-5 envira-normal envira-lazy\" data-envira-index=\"5\" src=\"https:\/\/www.lacledusud.be\/wp-content\/uploads\/2023\/04\/rousbig2.jpg\" data-envira-src=\"https:\/\/www.lacledusud.be\/wp-content\/uploads\/2023\/04\/rousbig2.jpg\" data-envira-gallery-id=\"2294\" data-envira-item-id=\"1891\" data-envira-caption=\"rousbig2\" alt=\"\" title=\"rousbig2\"  itemprop=\"thumbnailUrl\" data-envira-srcset=\"https:\/\/www.lacledusud.be\/wp-content\/uploads\/2023\/04\/rousbig2.jpg 400w,https:\/\/www.lacledusud.be\/wp-content\/uploads\/2023\/04\/rousbig2.jpg 2x\" data-envira-width=\"300\" data-envira-height=\"200\" srcset=\"data:image\/gif;base64,R0lGODlhAQABAIAAAP\/\/\/\/\/\/\/yH5BAEKAAEALAAAAAABAAEAAAICTAEAOw==\" data-safe-src=\"data:image\/gif;base64,R0lGODlhAQABAIAAAP\/\/\/\/\/\/\/yH5BAEKAAEALAAAAAABAAEAAAICTAEAOw==\" \/><\/a><\/div><\/div><div id=\"envira-gallery-item-2298\" class=\"envira-gallery-item enviratope-item envira-gallery-item-6 envira-lazy-load\" style=\"padding-left: 5px; padding-bottom: 10px; padding-right: 5px;\"  itemscope itemtype=\"https:\/\/schema.org\/ImageObject\"><div class=\"envira-gallery-item-inner\"><div class=\"envira-gallery-position-overlay  envira-gallery-top-left\"><\/div><div class=\"envira-gallery-position-overlay  envira-gallery-top-right\"><\/div><div class=\"envira-gallery-position-overlay  envira-gallery-bottom-left\"><\/div><div class=\"envira-gallery-position-overlay  envira-gallery-bottom-right\"><\/div><a href=\"https:\/\/www.lacledusud.be\/wp-content\/uploads\/2023\/04\/Screenshot-781.jpg\" class=\"envira-gallery-2294 envira-gallery-link\" rel=\"enviragallery2294\" title=\"Pillanatk\u00e9p 781\" data-envira-caption=\"Screenshot 781\" data-envira-retina=\"\" data-thumbnail=\"\"  itemprop=\"contentUrl\"><img decoding=\"async\" id=\"envira-gallery-image-2298\" class=\"envira-gallery-image envira-gallery-image-6 envira-normal envira-lazy\" data-envira-index=\"6\" src=\"https:\/\/www.lacledusud.be\/wp-content\/uploads\/2023\/04\/Screenshot-781.jpg\" data-envira-src=\"https:\/\/www.lacledusud.be\/wp-content\/uploads\/2023\/04\/Screenshot-781.jpg\" data-envira-gallery-id=\"2294\" data-envira-item-id=\"2298\" data-envira-caption=\"Screenshot 781\" alt=\"\" title=\"Pillanatk\u00e9p 781\"  itemprop=\"thumbnailUrl\" data-envira-srcset=\"https:\/\/www.lacledusud.be\/wp-content\/uploads\/2023\/04\/Screenshot-781.jpg 400w,https:\/\/www.lacledusud.be\/wp-content\/uploads\/2023\/04\/Screenshot-781.jpg 2x\" data-envira-width=\"300\" data-envira-height=\"300\" srcset=\"data:image\/gif;base64,R0lGODlhAQABAIAAAP\/\/\/\/\/\/\/yH5BAEKAAEALAAAAAABAAEAAAICTAEAOw==\" data-safe-src=\"data:image\/gif;base64,R0lGODlhAQABAIAAAP\/\/\/\/\/\/\/yH5BAEKAAEALAAAAAABAAEAAAICTAEAOw==\" \/><\/a><\/div><\/div><\/div><\/div><noscript><img decoding=\"async\" src=\"https:\/\/www.lacledusud.be\/wp-content\/uploads\/2023\/04\/rousbig1.jpg\" alt=\"\" \/><img decoding=\"async\" src=\"https:\/\/www.lacledusud.be\/wp-content\/uploads\/2023\/04\/Screenshot-778.jpg\" alt=\"\" \/><img decoding=\"async\" src=\"https:\/\/www.lacledusud.be\/wp-content\/uploads\/2023\/04\/rousbig5.jpg\" alt=\"\" \/><img decoding=\"async\" src=\"https:\/\/www.lacledusud.be\/wp-content\/uploads\/2023\/04\/rousbig4.jpg\" alt=\"\" \/><img decoding=\"async\" src=\"https:\/\/www.lacledusud.be\/wp-content\/uploads\/2023\/04\/rousbig2.jpg\" alt=\"\" \/><img decoding=\"async\" src=\"https:\/\/www.lacledusud.be\/wp-content\/uploads\/2023\/04\/Screenshot-781.jpg\" alt=\"\" \/><\/noscript>\n\t\t\t\t\t\t\t\t<\/div>\n\t\t\t\t<\/div>\n\t\t\t\t\t<\/div>\n\t\t<\/div>\n\t\t\t\t\t<\/div>\n\t\t<\/section>\n\t\t\t\t<\/div>","protected":false},"excerpt":{"rendered":"<p>HOLIDAY HOUSE 378\u20ac-t\u00f3l\/3 \u00e9jszaka K\u00fcl\u00f6n\u00e1ll\u00f3 h\u00e1z k\u00f6zponti helyen, a kertben, teljesen elk\u00fcl\u00f6n\u00edtve a f\u0151\u00e9p\u00fclett\u0151l. Ennek a helyis\u00e9gnek a hangulata eg\u00e9szen a d\u00e9l-franciaorsz\u00e1gi, azonos nev\u0171 falu okkers\u00e1rga bar\u00e1zd\u00e1iba rep\u00edti \u00d6nt! FOGLAL\u00c1S MOST Ingatlan maximum 4 f\u0151 r\u00e9sz\u00e9re, amely 2 h\u00e1l\u00f3szob\u00e1b\u00f3l, konyh\u00e1b\u00f3l, f\u00fcrd\u0151szob\u00e1b\u00f3l, zuhanyz\u00f3val, WC-vel \u00e9s mosd\u00f3kagyl\u00f3val ell\u00e1tott f\u00fcrd\u0151szob\u00e1b\u00f3l \u00e1ll. Saj\u00e1t [...]<\/p>","protected":false},"author":1,"featured_media":0,"parent":0,"menu_order":0,"comment_status":"closed","ping_status":"closed","template":"","meta":{"_monsterinsights_skip_tracking":false,"_monsterinsights_sitenote_active":false,"_monsterinsights_sitenote_note":"","_monsterinsights_sitenote_category":0,"footnotes":""},"class_list":["post-2432","page","type-page","status-publish","hentry"],"_links":{"self":[{"href":"https:\/\/www.lacledusud.be\/hu\/wp-json\/wp\/v2\/pages\/2432","targetHints":{"allow":["GET"]}}],"collection":[{"href":"https:\/\/www.lacledusud.be\/hu\/wp-json\/wp\/v2\/pages"}],"about":[{"href":"https:\/\/www.lacledusud.be\/hu\/wp-json\/wp\/v2\/types\/page"}],"author":[{"embeddable":true,"href":"https:\/\/www.lacledusud.be\/hu\/wp-json\/wp\/v2\/users\/1"}],"replies":[{"embeddable":true,"href":"https:\/\/www.lacledusud.be\/hu\/wp-json\/wp\/v2\/comments?post=2432"}],"version-history":[{"count":0,"href":"https:\/\/www.lacledusud.be\/hu\/wp-json\/wp\/v2\/pages\/2432\/revisions"}],"wp:attachment":[{"href":"https:\/\/www.lacledusud.be\/hu\/wp-json\/wp\/v2\/media?parent=2432"}],"curies":[{"name":"wp","href":"https:\/\/api.w.org\/{rel}","templated":true}]}}