{"id":2302,"date":"2023-04-10T12:49:56","date_gmt":"2023-04-10T10:49:56","guid":{"rendered":"https:\/\/www.lacledusud.be\/?page_id=2302"},"modified":"2023-04-10T12:57:18","modified_gmt":"2023-04-10T10:57:18","slug":"roussillon","status":"publish","type":"page","link":"https:\/\/www.lacledusud.be\/fr\/roussillon\/","title":{"rendered":"Roussillon"},"content":{"rendered":"<div data-elementor-type=\"wp-page\" data-elementor-id=\"2302\" class=\"elementor elementor-2302\">\n\t\t\t\t\t\t<section class=\"elementor-section elementor-top-section elementor-element elementor-element-702f3c2 elementor-section-boxed elementor-section-height-default elementor-section-height-default\" data-id=\"702f3c2\" data-element_type=\"section\" data-settings=\"{&quot;jet_parallax_layout_list&quot;:[],&quot;background_background&quot;:&quot;classic&quot;}\">\n\t\t\t\t\t\t<div class=\"elementor-container elementor-column-gap-no\">\n\t\t\t\t\t<div class=\"elementor-column elementor-col-100 elementor-top-column elementor-element elementor-element-3227d8e\" data-id=\"3227d8e\" data-element_type=\"column\">\n\t\t\t<div class=\"elementor-widget-wrap elementor-element-populated\">\n\t\t\t\t\t\t<div class=\"elementor-element elementor-element-45ed445 elementor-widget elementor-widget-heading\" data-id=\"45ed445\" data-element_type=\"widget\" data-widget_type=\"heading.default\">\n\t\t\t\t<div class=\"elementor-widget-container\">\n\t\t\t\t\t<h1 class=\"elementor-heading-title elementor-size-default\">Roussillon\n<\/h1>\t\t\t\t<\/div>\n\t\t\t\t<\/div>\n\t\t\t\t\t<\/div>\n\t\t<\/div>\n\t\t\t\t\t<\/div>\n\t\t<\/section>\n\t\t\t\t<section class=\"elementor-section elementor-top-section elementor-element elementor-element-635dab6 elementor-section-boxed elementor-section-height-default elementor-section-height-default\" data-id=\"635dab6\" data-element_type=\"section\" data-settings=\"{&quot;jet_parallax_layout_list&quot;:[],&quot;background_background&quot;:&quot;classic&quot;}\">\n\t\t\t\t\t\t<div class=\"elementor-container elementor-column-gap-no\">\n\t\t\t\t\t<div class=\"elementor-column elementor-col-50 elementor-top-column elementor-element elementor-element-8fd4ce1\" data-id=\"8fd4ce1\" data-element_type=\"column\">\n\t\t\t<div class=\"elementor-widget-wrap elementor-element-populated\">\n\t\t\t\t\t\t<div class=\"elementor-element elementor-element-50905144 hvr_anim elementor-widget elementor-widget-image\" data-id=\"50905144\" data-element_type=\"widget\" data-widget_type=\"image.default\">\n\t\t\t\t<div class=\"elementor-widget-container\">\n\t\t\t\t\t\t\t\t\t\t\t\t\t\t\t\t<a href=\"https:\/\/reservations.cubilis.eu\/b-and-b-la-cle-du-sud-merelbeke?Language=nl-NL\" target=\"_blank\">\n\t\t\t\t\t\t\t<img fetchpriority=\"high\" decoding=\"async\" width=\"669\" height=\"669\" src=\"https:\/\/www.lacledusud.be\/wp-content\/uploads\/2023\/04\/Screenshot-772.jpg\" class=\"attachment-full size-full wp-image-2031\" alt=\"\" srcset=\"https:\/\/www.lacledusud.be\/wp-content\/uploads\/2023\/04\/Screenshot-772.jpg 669w, https:\/\/www.lacledusud.be\/wp-content\/uploads\/2023\/04\/Screenshot-772-300x300.jpg 300w, https:\/\/www.lacledusud.be\/wp-content\/uploads\/2023\/04\/Screenshot-772-150x150.jpg 150w, https:\/\/www.lacledusud.be\/wp-content\/uploads\/2023\/04\/Screenshot-772-230x230.jpg 230w, https:\/\/www.lacledusud.be\/wp-content\/uploads\/2023\/04\/Screenshot-772-400x400.jpg 400w, https:\/\/www.lacledusud.be\/wp-content\/uploads\/2023\/04\/Screenshot-772-600x600.jpg 600w, https:\/\/www.lacledusud.be\/wp-content\/uploads\/2023\/04\/Screenshot-772-640x640.jpg 640w\" sizes=\"(max-width: 669px) 100vw, 669px\" \/>\t\t\t\t\t\t\t\t<\/a>\n\t\t\t\t\t\t\t\t\t\t\t\t\t\t\t<\/div>\n\t\t\t\t<\/div>\n\t\t\t\t\t<\/div>\n\t\t<\/div>\n\t\t\t\t<div class=\"elementor-column elementor-col-50 elementor-top-column elementor-element elementor-element-ffd9595\" data-id=\"ffd9595\" data-element_type=\"column\">\n\t\t\t<div class=\"elementor-widget-wrap elementor-element-populated\">\n\t\t\t\t\t\t<div class=\"elementor-element elementor-element-3f677627 elementor-widget elementor-widget-jet-button\" data-id=\"3f677627\" data-element_type=\"widget\" data-widget_type=\"jet-button.default\">\n\t\t\t\t<div class=\"elementor-widget-container\">\n\t\t\t\t\t<div class=\"elementor-jet-button jet-elements\"><div class=\"jet-button__container\">\n\t<a class=\"jet-button__instance jet-button__instance--icon-left hover-effect-1\" href=\"https:\/\/reservations.cubilis.eu\/b-and-b-la-cle-du-sud-merelbeke?Language=nl-NL\" target=\"_blank\">\n\t\t<div class=\"jet-button__plane jet-button__plane-normal\"><\/div>\n\t\t<div class=\"jet-button__plane jet-button__plane-hover\"><\/div>\n\t\t<div class=\"jet-button__state jet-button__state-normal\">\n\t\t\t<span class=\"jet-button__label\">ROUSSILLON<\/span>\t\t<\/div>\n\t\t<div class=\"jet-button__state jet-button__state-hover\">\n\t\t\t<span class=\"jet-button__label\">Roussillon<\/span>\t\t<\/div>\n\t<\/a>\n<\/div>\n<\/div>\t\t\t\t<\/div>\n\t\t\t\t<\/div>\n\t\t\t\t<div class=\"elementor-element elementor-element-6b6005dd elementor-widget elementor-widget-jet-pricing-table\" data-id=\"6b6005dd\" data-element_type=\"widget\" data-widget_type=\"jet-pricing-table.default\">\n\t\t\t\t<div class=\"elementor-widget-container\">\n\t\t\t\t\t<div class=\"elementor-jet-pricing-table jet-elements\"><div class=\"pricing-table\">\n\t<div class=\"pricing-table__heading\">\n\t\t\t<\/div>\t<div class=\"pricing-table__price\"><span class=\"pricing-table__price-prefix\">de<\/span><span class=\"pricing-table__price-val\">105\u20ac<\/span><span class=\"pricing-table__price-suffix\">\/par nuit<\/span><\/div>\t<div class=\"pricing-table__features\">\n\t<div class=\"pricing-table__fold-mask pricing-table-unfold-state\"><div class=\"pricing-feature pricing-feature-726792a item-included\">\n\t<div class=\"pricing-feature__inner\"><span class=\"pricing-feature__text\">Chambre situ\u00e9e au centre du jardin, compl\u00e8tement s\u00e9par\u00e9e de la maison. <\/span><\/div>\n<\/div><div class=\"pricing-feature pricing-feature-edeb387 item-included\">\n\t<div class=\"pricing-feature__inner\"><span class=\"pricing-feature__text\">L'atmosph\u00e8re de cette pi\u00e8ce vous transporte dans les sillons ocre de ce village du m\u00eame nom dans le sud de la France !<\/span><\/div>\n<\/div>\t<\/div>\n\t<\/div>\t<div class=\"pricing-table__action\">\n\t\t<a class=\"elementor-button elementor-size-md pricing-table-button button-auto-size\" href=\"https:\/\/reservations.cubilis.eu\/b-and-b-la-cle-du-sud-merelbeke?Language=nl-NL\" target=\"_blank\">R\u00c9SERVEZ MAINTENANT<\/a>\n\t<\/div>\t<\/div>\n<\/div>\t\t\t\t<\/div>\n\t\t\t\t<\/div>\n\t\t\t\t\t<\/div>\n\t\t<\/div>\n\t\t\t\t\t<\/div>\n\t\t<\/section>\n\t\t\t\t<section class=\"elementor-section elementor-top-section elementor-element elementor-element-bbef09a elementor-section-boxed elementor-section-height-default elementor-section-height-default\" data-id=\"bbef09a\" data-element_type=\"section\" data-settings=\"{&quot;jet_parallax_layout_list&quot;:[]}\">\n\t\t\t\t\t\t<div class=\"elementor-container elementor-column-gap-default\">\n\t\t\t\t\t<div class=\"elementor-column elementor-col-50 elementor-top-column elementor-element elementor-element-9b525ed\" data-id=\"9b525ed\" data-element_type=\"column\">\n\t\t\t<div class=\"elementor-widget-wrap elementor-element-populated\">\n\t\t\t\t\t\t<div class=\"elementor-element elementor-element-81d9bfe hvr_anim elementor-widget elementor-widget-image\" data-id=\"81d9bfe\" data-element_type=\"widget\" data-widget_type=\"image.default\">\n\t\t\t\t<div class=\"elementor-widget-container\">\n\t\t\t\t\t\t\t\t\t\t\t\t\t\t\t\t<a href=\"https:\/\/reservations.cubilis.eu\/b-and-b-la-cle-du-sud-merelbeke?Language=nl-NL\" target=\"_blank\">\n\t\t\t\t\t\t\t<img decoding=\"async\" width=\"484\" height=\"486\" src=\"https:\/\/www.lacledusud.be\/wp-content\/uploads\/2023\/04\/Screenshot-781.jpg\" class=\"attachment-full size-full wp-image-2298\" alt=\"\" srcset=\"https:\/\/www.lacledusud.be\/wp-content\/uploads\/2023\/04\/Screenshot-781.jpg 484w, https:\/\/www.lacledusud.be\/wp-content\/uploads\/2023\/04\/Screenshot-781-300x300.jpg 300w, https:\/\/www.lacledusud.be\/wp-content\/uploads\/2023\/04\/Screenshot-781-150x150.jpg 150w, https:\/\/www.lacledusud.be\/wp-content\/uploads\/2023\/04\/Screenshot-781-12x12.jpg 12w, https:\/\/www.lacledusud.be\/wp-content\/uploads\/2023\/04\/Screenshot-781-230x230.jpg 230w\" sizes=\"(max-width: 484px) 100vw, 484px\" \/>\t\t\t\t\t\t\t\t<\/a>\n\t\t\t\t\t\t\t\t\t\t\t\t\t\t\t<\/div>\n\t\t\t\t<\/div>\n\t\t\t\t\t<\/div>\n\t\t<\/div>\n\t\t\t\t<div class=\"elementor-column elementor-col-50 elementor-top-column elementor-element elementor-element-551c0ca\" data-id=\"551c0ca\" data-element_type=\"column\">\n\t\t\t<div class=\"elementor-widget-wrap elementor-element-populated\">\n\t\t\t\t\t\t<div class=\"elementor-element elementor-element-58b8fd4 elementor-widget elementor-widget-text-editor\" data-id=\"58b8fd4\" data-element_type=\"widget\" data-widget_type=\"text-editor.default\">\n\t\t\t\t<div class=\"elementor-widget-container\">\n\t\t\t\t\t\t\t\t\t<p>Compos\u00e9 de 2 chambres, d'une cuisine, d'une salle de bain avec douche \u00e0 l'italienne, d'un WC et d'un lavabo. Avec terrasse priv\u00e9e et mobilier de jardin, juste \u00e0 c\u00f4t\u00e9 du terrain de boules.<\/p><p>Avec cafeti\u00e8re ou th\u00e9i\u00e8re. Chambre pour 4 personnes maximum (1 lit double, 2 lits simples dans une chambre adjacente)<br \/>La chambre est \u00e9quip\u00e9e de la climatisation, d'un r\u00e9frig\u00e9rateur-cong\u00e9lateur, d'un s\u00e8che-cheveux, d'une t\u00e9l\u00e9vision-DVD, d'un radio-r\u00e9veil, d'une station d'accueil pour I-Pod\/I-Phone, d'un coffre-fort et d'une connexion Wi-Fi gratuite.<\/p><p>animaux non admis - ne convient pas aux enfants<\/p>\t\t\t\t\t\t\t\t<\/div>\n\t\t\t\t<\/div>\n\t\t\t\t\t<\/div>\n\t\t<\/div>\n\t\t\t\t\t<\/div>\n\t\t<\/section>\n\t\t\t\t<section class=\"elementor-section elementor-top-section elementor-element elementor-element-a54169c elementor-section-boxed elementor-section-height-default elementor-section-height-default\" data-id=\"a54169c\" data-element_type=\"section\" data-settings=\"{&quot;jet_parallax_layout_list&quot;:[]}\">\n\t\t\t\t\t\t<div class=\"elementor-container elementor-column-gap-default\">\n\t\t\t\t\t<div class=\"elementor-column elementor-col-100 elementor-top-column elementor-element elementor-element-1d8bebb\" data-id=\"1d8bebb\" data-element_type=\"column\">\n\t\t\t<div class=\"elementor-widget-wrap elementor-element-populated\">\n\t\t\t\t\t\t<div class=\"elementor-element elementor-element-06e688e elementor-widget elementor-widget-text-editor\" data-id=\"06e688e\" data-element_type=\"widget\" data-widget_type=\"text-editor.default\">\n\t\t\t\t<div class=\"elementor-widget-container\">\n\t\t\t\t\t\t\t\t\t<div id=\"envira-gallery-wrap-2294\" class=\"envira-gallery-wrap envira-gallery-theme-base envira-lightbox-theme-base\" itemscope itemtype=\"https:\/\/schema.org\/ImageGallery\"><div data-row-height=\"200\" data-gallery-theme=\"normal\" id=\"envira-gallery-2294\" class=\"envira-gallery-public envira-gallery-justified-public envira-gallery-0-columns envira-clear enviratope envira-gallery-css-animations\" data-envira-columns=\"0\"><div id=\"envira-gallery-item-1890\" class=\"envira-gallery-item enviratope-item envira-gallery-item-1 envira-lazy-load\" style=\"padding-left: 5px; padding-bottom: 10px; padding-right: 5px;\"  itemscope itemtype=\"https:\/\/schema.org\/ImageObject\"><div class=\"envira-gallery-item-inner\"><div class=\"envira-gallery-position-overlay  envira-gallery-top-left\"><\/div><div class=\"envira-gallery-position-overlay  envira-gallery-top-right\"><\/div><div class=\"envira-gallery-position-overlay  envira-gallery-bottom-left\"><\/div><div class=\"envira-gallery-position-overlay  envira-gallery-bottom-right\"><\/div><a href=\"https:\/\/www.lacledusud.be\/wp-content\/uploads\/2023\/04\/rousbig1.jpg\" class=\"envira-gallery-2294 envira-gallery-link\" rel=\"enviragallery2294\" title=\"rousbig1\" data-envira-caption=\"rousbig1\" data-envira-retina=\"\" data-thumbnail=\"\"  itemprop=\"contentUrl\"><img decoding=\"async\" id=\"envira-gallery-image-1890\" class=\"envira-gallery-image envira-gallery-image-1 envira-normal envira-lazy\" data-envira-index=\"1\" src=\"https:\/\/www.lacledusud.be\/wp-content\/uploads\/2023\/04\/rousbig1.jpg\" data-envira-src=\"https:\/\/www.lacledusud.be\/wp-content\/uploads\/2023\/04\/rousbig1.jpg\" data-envira-gallery-id=\"2294\" data-envira-item-id=\"1890\" data-envira-caption=\"rousbig1\" alt=\"\" title=\"rousbig1\"  itemprop=\"thumbnailUrl\" data-envira-srcset=\"https:\/\/www.lacledusud.be\/wp-content\/uploads\/2023\/04\/rousbig1.jpg 400w,https:\/\/www.lacledusud.be\/wp-content\/uploads\/2023\/04\/rousbig1.jpg 2x\" data-envira-width=\"300\" data-envira-height=\"200\" srcset=\"data:image\/gif;base64,R0lGODlhAQABAIAAAP\/\/\/\/\/\/\/yH5BAEKAAEALAAAAAABAAEAAAICTAEAOw==\" data-safe-src=\"data:image\/gif;base64,R0lGODlhAQABAIAAAP\/\/\/\/\/\/\/yH5BAEKAAEALAAAAAABAAEAAAICTAEAOw==\" \/><\/a><\/div><\/div><div id=\"envira-gallery-item-2412\" class=\"envira-gallery-item enviratope-item envira-gallery-item-2 envira-lazy-load\" style=\"padding-left: 5px; padding-bottom: 10px; padding-right: 5px;\"  itemscope itemtype=\"https:\/\/schema.org\/ImageObject\"><div class=\"envira-gallery-item-inner\"><div class=\"envira-gallery-position-overlay  envira-gallery-top-left\"><\/div><div class=\"envira-gallery-position-overlay  envira-gallery-top-right\"><\/div><div class=\"envira-gallery-position-overlay  envira-gallery-bottom-left\"><\/div><div class=\"envira-gallery-position-overlay  envira-gallery-bottom-right\"><\/div><a href=\"https:\/\/www.lacledusud.be\/wp-content\/uploads\/2023\/04\/Screenshot-778.jpg\" class=\"envira-gallery-2294 envira-gallery-link\" rel=\"enviragallery2294\" title=\"Capture d&#039;\u00e9cran 778\" data-envira-caption=\"Screenshot 778\" data-envira-retina=\"\" data-thumbnail=\"\"  itemprop=\"contentUrl\"><img decoding=\"async\" id=\"envira-gallery-image-2412\" class=\"envira-gallery-image envira-gallery-image-2 envira-normal envira-lazy\" data-envira-index=\"2\" src=\"https:\/\/www.lacledusud.be\/wp-content\/uploads\/2023\/04\/Screenshot-778-1024x471.jpg\" data-envira-src=\"https:\/\/www.lacledusud.be\/wp-content\/uploads\/2023\/04\/Screenshot-778-1024x471.jpg\" data-envira-gallery-id=\"2294\" data-envira-item-id=\"2412\" data-envira-caption=\"Screenshot 778\" alt=\"\" title=\"Capture d&#039;\u00e9cran 778\"  itemprop=\"thumbnailUrl\" data-envira-srcset=\"https:\/\/www.lacledusud.be\/wp-content\/uploads\/2023\/04\/Screenshot-778-1024x471.jpg 400w,https:\/\/www.lacledusud.be\/wp-content\/uploads\/2023\/04\/Screenshot-778-1024x471.jpg 2x\" data-envira-width=\"300\" data-envira-height=\"138\" srcset=\"data:image\/gif;base64,R0lGODlhAQABAIAAAP\/\/\/\/\/\/\/yH5BAEKAAEALAAAAAABAAEAAAICTAEAOw==\" data-safe-src=\"data:image\/gif;base64,R0lGODlhAQABAIAAAP\/\/\/\/\/\/\/yH5BAEKAAEALAAAAAABAAEAAAICTAEAOw==\" \/><\/a><\/div><\/div><div id=\"envira-gallery-item-1894\" class=\"envira-gallery-item enviratope-item envira-gallery-item-3 envira-lazy-load\" style=\"padding-left: 5px; padding-bottom: 10px; padding-right: 5px;\"  itemscope itemtype=\"https:\/\/schema.org\/ImageObject\"><div class=\"envira-gallery-item-inner\"><div class=\"envira-gallery-position-overlay  envira-gallery-top-left\"><\/div><div class=\"envira-gallery-position-overlay  envira-gallery-top-right\"><\/div><div class=\"envira-gallery-position-overlay  envira-gallery-bottom-left\"><\/div><div class=\"envira-gallery-position-overlay  envira-gallery-bottom-right\"><\/div><a href=\"https:\/\/www.lacledusud.be\/wp-content\/uploads\/2023\/04\/rousbig5.jpg\" class=\"envira-gallery-2294 envira-gallery-link\" rel=\"enviragallery2294\" title=\"rousbig5\" data-envira-caption=\"rousbig5\" data-envira-retina=\"\" data-thumbnail=\"\"  itemprop=\"contentUrl\"><img decoding=\"async\" id=\"envira-gallery-image-1894\" class=\"envira-gallery-image envira-gallery-image-3 envira-normal envira-lazy\" data-envira-index=\"3\" src=\"https:\/\/www.lacledusud.be\/wp-content\/uploads\/2023\/04\/rousbig5.jpg\" data-envira-src=\"https:\/\/www.lacledusud.be\/wp-content\/uploads\/2023\/04\/rousbig5.jpg\" data-envira-gallery-id=\"2294\" data-envira-item-id=\"1894\" data-envira-caption=\"rousbig5\" alt=\"\" title=\"rousbig5\"  itemprop=\"thumbnailUrl\" data-envira-srcset=\"https:\/\/www.lacledusud.be\/wp-content\/uploads\/2023\/04\/rousbig5.jpg 400w,https:\/\/www.lacledusud.be\/wp-content\/uploads\/2023\/04\/rousbig5.jpg 2x\" data-envira-width=\"300\" data-envira-height=\"200\" srcset=\"data:image\/gif;base64,R0lGODlhAQABAIAAAP\/\/\/\/\/\/\/yH5BAEKAAEALAAAAAABAAEAAAICTAEAOw==\" data-safe-src=\"data:image\/gif;base64,R0lGODlhAQABAIAAAP\/\/\/\/\/\/\/yH5BAEKAAEALAAAAAABAAEAAAICTAEAOw==\" \/><\/a><\/div><\/div><div id=\"envira-gallery-item-1893\" class=\"envira-gallery-item enviratope-item envira-gallery-item-4 envira-lazy-load\" style=\"padding-left: 5px; padding-bottom: 10px; padding-right: 5px;\"  itemscope itemtype=\"https:\/\/schema.org\/ImageObject\"><div class=\"envira-gallery-item-inner\"><div class=\"envira-gallery-position-overlay  envira-gallery-top-left\"><\/div><div class=\"envira-gallery-position-overlay  envira-gallery-top-right\"><\/div><div class=\"envira-gallery-position-overlay  envira-gallery-bottom-left\"><\/div><div class=\"envira-gallery-position-overlay  envira-gallery-bottom-right\"><\/div><a href=\"https:\/\/www.lacledusud.be\/wp-content\/uploads\/2023\/04\/rousbig4.jpg\" class=\"envira-gallery-2294 envira-gallery-link\" rel=\"enviragallery2294\" title=\"rousbig4\" data-envira-caption=\"rousbig4\" data-envira-retina=\"\" data-thumbnail=\"\"  itemprop=\"contentUrl\"><img decoding=\"async\" id=\"envira-gallery-image-1893\" class=\"envira-gallery-image envira-gallery-image-4 envira-normal envira-lazy\" data-envira-index=\"4\" src=\"https:\/\/www.lacledusud.be\/wp-content\/uploads\/2023\/04\/rousbig4.jpg\" data-envira-src=\"https:\/\/www.lacledusud.be\/wp-content\/uploads\/2023\/04\/rousbig4.jpg\" data-envira-gallery-id=\"2294\" data-envira-item-id=\"1893\" data-envira-caption=\"rousbig4\" alt=\"\" title=\"rousbig4\"  itemprop=\"thumbnailUrl\" data-envira-srcset=\"https:\/\/www.lacledusud.be\/wp-content\/uploads\/2023\/04\/rousbig4.jpg 400w,https:\/\/www.lacledusud.be\/wp-content\/uploads\/2023\/04\/rousbig4.jpg 2x\" data-envira-width=\"300\" data-envira-height=\"200\" srcset=\"data:image\/gif;base64,R0lGODlhAQABAIAAAP\/\/\/\/\/\/\/yH5BAEKAAEALAAAAAABAAEAAAICTAEAOw==\" data-safe-src=\"data:image\/gif;base64,R0lGODlhAQABAIAAAP\/\/\/\/\/\/\/yH5BAEKAAEALAAAAAABAAEAAAICTAEAOw==\" \/><\/a><\/div><\/div><div id=\"envira-gallery-item-1891\" class=\"envira-gallery-item enviratope-item envira-gallery-item-5 envira-lazy-load\" style=\"padding-left: 5px; padding-bottom: 10px; padding-right: 5px;\"  itemscope itemtype=\"https:\/\/schema.org\/ImageObject\"><div class=\"envira-gallery-item-inner\"><div class=\"envira-gallery-position-overlay  envira-gallery-top-left\"><\/div><div class=\"envira-gallery-position-overlay  envira-gallery-top-right\"><\/div><div class=\"envira-gallery-position-overlay  envira-gallery-bottom-left\"><\/div><div class=\"envira-gallery-position-overlay  envira-gallery-bottom-right\"><\/div><a href=\"https:\/\/www.lacledusud.be\/wp-content\/uploads\/2023\/04\/rousbig2.jpg\" class=\"envira-gallery-2294 envira-gallery-link\" rel=\"enviragallery2294\" title=\"rousbig2\" data-envira-caption=\"rousbig2\" data-envira-retina=\"\" data-thumbnail=\"\"  itemprop=\"contentUrl\"><img decoding=\"async\" id=\"envira-gallery-image-1891\" class=\"envira-gallery-image envira-gallery-image-5 envira-normal envira-lazy\" data-envira-index=\"5\" src=\"https:\/\/www.lacledusud.be\/wp-content\/uploads\/2023\/04\/rousbig2.jpg\" data-envira-src=\"https:\/\/www.lacledusud.be\/wp-content\/uploads\/2023\/04\/rousbig2.jpg\" data-envira-gallery-id=\"2294\" data-envira-item-id=\"1891\" data-envira-caption=\"rousbig2\" alt=\"\" title=\"rousbig2\"  itemprop=\"thumbnailUrl\" data-envira-srcset=\"https:\/\/www.lacledusud.be\/wp-content\/uploads\/2023\/04\/rousbig2.jpg 400w,https:\/\/www.lacledusud.be\/wp-content\/uploads\/2023\/04\/rousbig2.jpg 2x\" data-envira-width=\"300\" data-envira-height=\"200\" srcset=\"data:image\/gif;base64,R0lGODlhAQABAIAAAP\/\/\/\/\/\/\/yH5BAEKAAEALAAAAAABAAEAAAICTAEAOw==\" data-safe-src=\"data:image\/gif;base64,R0lGODlhAQABAIAAAP\/\/\/\/\/\/\/yH5BAEKAAEALAAAAAABAAEAAAICTAEAOw==\" \/><\/a><\/div><\/div><div id=\"envira-gallery-item-2298\" class=\"envira-gallery-item enviratope-item envira-gallery-item-6 envira-lazy-load\" style=\"padding-left: 5px; padding-bottom: 10px; padding-right: 5px;\"  itemscope itemtype=\"https:\/\/schema.org\/ImageObject\"><div class=\"envira-gallery-item-inner\"><div class=\"envira-gallery-position-overlay  envira-gallery-top-left\"><\/div><div class=\"envira-gallery-position-overlay  envira-gallery-top-right\"><\/div><div class=\"envira-gallery-position-overlay  envira-gallery-bottom-left\"><\/div><div class=\"envira-gallery-position-overlay  envira-gallery-bottom-right\"><\/div><a href=\"https:\/\/www.lacledusud.be\/wp-content\/uploads\/2023\/04\/Screenshot-781.jpg\" class=\"envira-gallery-2294 envira-gallery-link\" rel=\"enviragallery2294\" title=\"Capture d&#039;\u00e9cran 781\" data-envira-caption=\"Screenshot 781\" data-envira-retina=\"\" data-thumbnail=\"\"  itemprop=\"contentUrl\"><img decoding=\"async\" id=\"envira-gallery-image-2298\" class=\"envira-gallery-image envira-gallery-image-6 envira-normal envira-lazy\" data-envira-index=\"6\" src=\"https:\/\/www.lacledusud.be\/wp-content\/uploads\/2023\/04\/Screenshot-781.jpg\" data-envira-src=\"https:\/\/www.lacledusud.be\/wp-content\/uploads\/2023\/04\/Screenshot-781.jpg\" data-envira-gallery-id=\"2294\" data-envira-item-id=\"2298\" data-envira-caption=\"Screenshot 781\" alt=\"\" title=\"Capture d&#039;\u00e9cran 781\"  itemprop=\"thumbnailUrl\" data-envira-srcset=\"https:\/\/www.lacledusud.be\/wp-content\/uploads\/2023\/04\/Screenshot-781.jpg 400w,https:\/\/www.lacledusud.be\/wp-content\/uploads\/2023\/04\/Screenshot-781.jpg 2x\" data-envira-width=\"300\" data-envira-height=\"300\" srcset=\"data:image\/gif;base64,R0lGODlhAQABAIAAAP\/\/\/\/\/\/\/yH5BAEKAAEALAAAAAABAAEAAAICTAEAOw==\" data-safe-src=\"data:image\/gif;base64,R0lGODlhAQABAIAAAP\/\/\/\/\/\/\/yH5BAEKAAEALAAAAAABAAEAAAICTAEAOw==\" \/><\/a><\/div><\/div><\/div><\/div><noscript><img decoding=\"async\" src=\"https:\/\/www.lacledusud.be\/wp-content\/uploads\/2023\/04\/rousbig1.jpg\" alt=\"\" \/><img decoding=\"async\" src=\"https:\/\/www.lacledusud.be\/wp-content\/uploads\/2023\/04\/Screenshot-778.jpg\" alt=\"\" \/><img decoding=\"async\" src=\"https:\/\/www.lacledusud.be\/wp-content\/uploads\/2023\/04\/rousbig5.jpg\" alt=\"\" \/><img decoding=\"async\" src=\"https:\/\/www.lacledusud.be\/wp-content\/uploads\/2023\/04\/rousbig4.jpg\" alt=\"\" \/><img decoding=\"async\" src=\"https:\/\/www.lacledusud.be\/wp-content\/uploads\/2023\/04\/rousbig2.jpg\" alt=\"\" \/><img decoding=\"async\" src=\"https:\/\/www.lacledusud.be\/wp-content\/uploads\/2023\/04\/Screenshot-781.jpg\" alt=\"\" \/><\/noscript>\n\t\t\t\t\t\t\t\t<\/div>\n\t\t\t\t<\/div>\n\t\t\t\t\t<\/div>\n\t\t<\/div>\n\t\t\t\t\t<\/div>\n\t\t<\/section>\n\t\t\t\t<\/div>","protected":false},"excerpt":{"rendered":"<p>Roussillon ROUSSILLON Roussillon \u00e0 partir de105\u20ac\/par nuit Chambre situ\u00e9e au centre du jardin, compl\u00e8tement s\u00e9par\u00e9e de la maison. L'atmosph\u00e8re de cette chambre vous emm\u00e8ne jusqu'aux sillons ocre de ce village du m\u00eame nom dans le sud de la France ! RESERVEZ MAINTENANT Compos\u00e9e de 2 chambres, d'une cuisine, d'une salle de bain avec douche \u00e0 l'italienne, de toilettes et d'un lavabo. Avec sa propre terrasse priv\u00e9e et ses meubles de jardin, juste \u00e0 c\u00f4t\u00e9 de la [...]<\/p>","protected":false},"author":1,"featured_media":0,"parent":0,"menu_order":0,"comment_status":"closed","ping_status":"closed","template":"elementor_header_footer","meta":{"_monsterinsights_skip_tracking":false,"_monsterinsights_sitenote_active":false,"_monsterinsights_sitenote_note":"","_monsterinsights_sitenote_category":0,"footnotes":""},"class_list":["post-2302","page","type-page","status-publish","hentry"],"_links":{"self":[{"href":"https:\/\/www.lacledusud.be\/fr\/wp-json\/wp\/v2\/pages\/2302","targetHints":{"allow":["GET"]}}],"collection":[{"href":"https:\/\/www.lacledusud.be\/fr\/wp-json\/wp\/v2\/pages"}],"about":[{"href":"https:\/\/www.lacledusud.be\/fr\/wp-json\/wp\/v2\/types\/page"}],"author":[{"embeddable":true,"href":"https:\/\/www.lacledusud.be\/fr\/wp-json\/wp\/v2\/users\/1"}],"replies":[{"embeddable":true,"href":"https:\/\/www.lacledusud.be\/fr\/wp-json\/wp\/v2\/comments?post=2302"}],"version-history":[{"count":0,"href":"https:\/\/www.lacledusud.be\/fr\/wp-json\/wp\/v2\/pages\/2302\/revisions"}],"wp:attachment":[{"href":"https:\/\/www.lacledusud.be\/fr\/wp-json\/wp\/v2\/media?parent=2302"}],"curies":[{"name":"wp","href":"https:\/\/api.w.org\/{rel}","templated":true}]}}